{"id":431,"date":"2023-11-28T10:03:04","date_gmt":"2023-11-28T10:03:04","guid":{"rendered":"https:\/\/daluz.es\/?page_id=431"},"modified":"2024-04-02T14:51:44","modified_gmt":"2024-04-02T14:51:44","slug":"sobre-nostros","status":"publish","type":"page","link":"https:\/\/daluz.es\/en\/sobre-nostros\/","title":{"rendered":"About us"},"content":{"rendered":"<div data-elementor-type=\"wp-page\" data-elementor-id=\"431\" class=\"elementor elementor-431\" data-elementor-post-type=\"page\">\n\t\t\t\t\t\t\t<div class=\"elementor-element elementor-element-df89575 e-con-full e-flex e-con e-parent\" data-id=\"df89575\" data-element_type=\"container\" data-settings=\"{&quot;content_width&quot;:&quot;full&quot;}\" data-core-v316-plus=\"true\">\n\t\t<div class=\"elementor-element elementor-element-28ab288 e-con-full e-flex e-con e-child\" data-id=\"28ab288\" data-element_type=\"container\" data-settings=\"{&quot;content_width&quot;:&quot;full&quot;}\">\n\t\t\t\t<div class=\"elementor-element elementor-element-e95166a elementor-widget elementor-widget-heading\" data-id=\"e95166a\" data-element_type=\"widget\" data-widget_type=\"heading.default\">\n\t\t\t\t<div class=\"elementor-widget-container\">\n\t\t\t<style>\/*! elementor - v3.17.0 - 08-11-2023 *\/\n.elementor-heading-title{padding:0;margin:0;line-height:1}.elementor-widget-heading .elementor-heading-title[class*=elementor-size-]>a{color:inherit;font-size:inherit;line-height:inherit}.elementor-widget-heading .elementor-heading-title.elementor-size-small{font-size:15px}.elementor-widget-heading .elementor-heading-title.elementor-size-medium{font-size:19px}.elementor-widget-heading .elementor-heading-title.elementor-size-large{font-size:29px}.elementor-widget-heading .elementor-heading-title.elementor-size-xl{font-size:39px}.elementor-widget-heading .elementor-heading-title.elementor-size-xxl{font-size:59px}<\/style><h2 class=\"elementor-heading-title elementor-size-default\">Apoyamos el arte local<\/h2>\t\t<\/div>\n\t\t\t\t<\/div>\n\t\t\t\t<div class=\"elementor-element elementor-element-4fd060e elementor-widget elementor-widget-text-editor\" data-id=\"4fd060e\" data-element_type=\"widget\" data-widget_type=\"text-editor.default\">\n\t\t\t\t<div class=\"elementor-widget-container\">\n\t\t\t<style>\/*! elementor - v3.17.0 - 08-11-2023 *\/\n.elementor-widget-text-editor.elementor-drop-cap-view-stacked .elementor-drop-cap{background-color:#69727d;color:#fff}.elementor-widget-text-editor.elementor-drop-cap-view-framed .elementor-drop-cap{color:#69727d;border:3px solid;background-color:transparent}.elementor-widget-text-editor:not(.elementor-drop-cap-view-default) .elementor-drop-cap{margin-top:8px}.elementor-widget-text-editor:not(.elementor-drop-cap-view-default) .elementor-drop-cap-letter{width:1em;height:1em}.elementor-widget-text-editor .elementor-drop-cap{float:left;text-align:center;line-height:1;font-size:50px}.elementor-widget-text-editor .elementor-drop-cap-letter{display:inline-block}<\/style>\t\t\t\t<p>From Lanzarote to the world with our store<\/p><p>Con nuestra tienda tanto f\u00edsica como online queremos darle ese reconocimiento que se merecen y no tienen nuestros artesanos locales.<\/p>\t\t\t\t\t\t<\/div>\n\t\t\t\t<\/div>\n\t\t\t\t<div class=\"elementor-element elementor-element-dbdb607 elementor-widget elementor-widget-heading\" data-id=\"dbdb607\" data-element_type=\"widget\" data-widget_type=\"heading.default\">\n\t\t\t\t<div class=\"elementor-widget-container\">\n\t\t\t<h3 class=\"elementor-heading-title elementor-size-default\">Productos con historia<\/h3>\t\t<\/div>\n\t\t\t\t<\/div>\n\t\t\t\t<div class=\"elementor-element elementor-element-610441b elementor-widget elementor-widget-text-editor\" data-id=\"610441b\" data-element_type=\"widget\" data-widget_type=\"text-editor.default\">\n\t\t\t\t<div class=\"elementor-widget-container\">\n\t\t\t\t\t\t\t<p>We sell more than just jewelry, clothing, or accessories; we offer a <strong>unique narrative<\/strong> behind each item.<\/p><p>Every ring, necklace, or bracelet we offer has its own special story. They are <strong>symbols that evoke precious moments<\/strong>, like a gift from a loved one that, every time you gaze at it, transports you back to that emotional connection.<\/p><p>Our purpose is to connect with you through your most beautiful memories, making you feel <strong>loved and appreciated in every moment.<\/strong>.<\/p>\t\t\t\t\t\t<\/div>\n\t\t\t\t<\/div>\n\t\t\t\t<\/div>\n\t\t<div class=\"elementor-element elementor-element-7d36f11 e-con-full e-flex e-con e-child\" data-id=\"7d36f11\" data-element_type=\"container\" data-settings=\"{&quot;content_width&quot;:&quot;full&quot;}\">\n\t\t\t\t<div class=\"elementor-element elementor-element-36d6cd3 elementor-widget elementor-widget-image\" data-id=\"36d6cd3\" data-element_type=\"widget\" data-widget_type=\"image.default\">\n\t\t\t\t<div class=\"elementor-widget-container\">\n\t\t\t<style>\/*! elementor - v3.17.0 - 08-11-2023 *\/\n.elementor-widget-image{text-align:center}.elementor-widget-image a{display:inline-block}.elementor-widget-image a img[src$=\".svg\"]{width:48px}.elementor-widget-image img{vertical-align:middle;display:inline-block}<\/style>\t\t\t\t\t\t\t\t\t\t\t\t<img fetchpriority=\"high\" decoding=\"async\" width=\"1162\" height=\"772\" src=\"https:\/\/daluz.es\/wp-content\/uploads\/2024\/04\/DSC02075.webp\" class=\"attachment-full size-full wp-image-232080\" alt=\"\" srcset=\"https:\/\/daluz.es\/wp-content\/uploads\/2024\/04\/DSC02075.webp 1162w, https:\/\/daluz.es\/wp-content\/uploads\/2024\/04\/DSC02075-300x199.webp 300w, https:\/\/daluz.es\/wp-content\/uploads\/2024\/04\/DSC02075-1024x680.webp 1024w, https:\/\/daluz.es\/wp-content\/uploads\/2024\/04\/DSC02075-768x510.webp 768w, https:\/\/daluz.es\/wp-content\/uploads\/2024\/04\/DSC02075-18x12.webp 18w, https:\/\/daluz.es\/wp-content\/uploads\/2024\/04\/DSC02075-600x399.webp 600w, https:\/\/daluz.es\/wp-content\/uploads\/2024\/04\/DSC02075-64x43.webp 64w\" sizes=\"(max-width: 1162px) 100vw, 1162px\" \/>\t\t\t\t\t\t\t\t\t\t\t\t\t\t\t<\/div>\n\t\t\t\t<\/div>\n\t\t\t\t<\/div>\n\t\t\t\t<\/div>\n\t\t<div class=\"elementor-element elementor-element-df8cb49 e-con-full e-flex e-con e-parent\" data-id=\"df8cb49\" data-element_type=\"container\" data-settings=\"{&quot;content_width&quot;:&quot;full&quot;}\" data-core-v316-plus=\"true\">\n\t\t<div class=\"elementor-element elementor-element-1bbc4f3 e-con-full e-flex e-con e-child\" data-id=\"1bbc4f3\" data-element_type=\"container\" data-settings=\"{&quot;content_width&quot;:&quot;full&quot;}\">\n\t\t\t\t<div class=\"elementor-element elementor-element-fc46b81 elementor-widget elementor-widget-image\" data-id=\"fc46b81\" data-element_type=\"widget\" data-widget_type=\"image.default\">\n\t\t\t\t<div class=\"elementor-widget-container\">\n\t\t\t\t\t\t\t\t\t\t\t\t\t\t\t<img decoding=\"async\" width=\"1308\" height=\"870\" src=\"https:\/\/daluz.es\/wp-content\/uploads\/2024\/04\/DSC02059.webp\" class=\"attachment-full size-full wp-image-232269\" alt=\"\" srcset=\"https:\/\/daluz.es\/wp-content\/uploads\/2024\/04\/DSC02059.webp 1308w, https:\/\/daluz.es\/wp-content\/uploads\/2024\/04\/DSC02059-300x200.webp 300w, https:\/\/daluz.es\/wp-content\/uploads\/2024\/04\/DSC02059-1024x681.webp 1024w, https:\/\/daluz.es\/wp-content\/uploads\/2024\/04\/DSC02059-768x511.webp 768w, https:\/\/daluz.es\/wp-content\/uploads\/2024\/04\/DSC02059-18x12.webp 18w, https:\/\/daluz.es\/wp-content\/uploads\/2024\/04\/DSC02059-600x399.webp 600w, https:\/\/daluz.es\/wp-content\/uploads\/2024\/04\/DSC02059-64x43.webp 64w\" sizes=\"(max-width: 1308px) 100vw, 1308px\" \/>\t\t\t\t\t\t\t\t\t\t\t\t\t\t\t<\/div>\n\t\t\t\t<\/div>\n\t\t\t\t<\/div>\n\t\t<div class=\"elementor-element elementor-element-2e77904 e-con-full e-flex e-con e-child\" data-id=\"2e77904\" data-element_type=\"container\" data-settings=\"{&quot;content_width&quot;:&quot;full&quot;}\">\n\t\t\t\t<div class=\"elementor-element elementor-element-6a10813 elementor-widget elementor-widget-heading\" data-id=\"6a10813\" data-element_type=\"widget\" data-widget_type=\"heading.default\">\n\t\t\t\t<div class=\"elementor-widget-container\">\n\t\t\t<h2 class=\"elementor-heading-title elementor-size-default\">Servicio personalizado y cercano<\/h2>\t\t<\/div>\n\t\t\t\t<\/div>\n\t\t\t\t<div class=\"elementor-element elementor-element-e17d934 elementor-widget elementor-widget-text-editor\" data-id=\"e17d934\" data-element_type=\"widget\" data-widget_type=\"text-editor.default\">\n\t\t\t\t<div class=\"elementor-widget-container\">\n\t\t\t\t\t\t\t<p>En Daluz, no solo nos dedicamos a ofrecerte productos excepcionales, sino que tambi\u00e9n nos esforzamos por brindarte una experiencia de compra inolvidable. Nuestro equipo est\u00e1 aqu\u00ed para guiarte a trav\u00e9s de nuestro tesoro de tesoros artesanales y compartir contigo la rica historia y cultura de Lanzarote.<\/p><p>Ya sea que est\u00e9s buscando un regalo \u00fanico o simplemente quieras llevarte a casa un pedacito de la isla, Daluz es tu destino definitivo. \u00danete a nosotros en este viaje para celebrar la autenticidad, la creatividad y el encanto de Lanzarote, \u00a1te esperamos en nuestra tienda en l\u00ednea o en nuestro acogedor local en Arrecife!<\/p>\t\t\t\t\t\t<\/div>\n\t\t\t\t<\/div>\n\t\t\t\t<\/div>\n\t\t\t\t<\/div>\n\t\t<div class=\"elementor-element elementor-element-ff9baee e-con-full e-flex e-con e-parent\" data-id=\"ff9baee\" data-element_type=\"container\" data-settings=\"{&quot;content_width&quot;:&quot;full&quot;,&quot;background_background&quot;:&quot;classic&quot;}\" data-core-v316-plus=\"true\">\n\t\t<div class=\"elementor-element elementor-element-e6cbc13 e-con-full e-flex e-con e-child\" data-id=\"e6cbc13\" data-element_type=\"container\" data-settings=\"{&quot;content_width&quot;:&quot;full&quot;}\">\n\t\t\t\t<div class=\"elementor-element elementor-element-bb0ae65 elementor-widget elementor-widget-heading\" data-id=\"bb0ae65\" data-element_type=\"widget\" data-widget_type=\"heading.default\">\n\t\t\t\t<div class=\"elementor-widget-container\">\n\t\t\t<h2 class=\"elementor-heading-title elementor-size-default\">Produtos aut\u00e9nticos de Lanzarote<\/h2>\t\t<\/div>\n\t\t\t\t<\/div>\n\t\t\t\t<div class=\"elementor-element elementor-element-78bda99 elementor-widget elementor-widget-text-editor\" data-id=\"78bda99\" data-element_type=\"widget\" data-widget_type=\"text-editor.default\">\n\t\t\t\t<div class=\"elementor-widget-container\">\n\t\t\t\t\t\t\t<p>Explora nuestra cuidadosamente curada colecci\u00f3n de productos de la isla. Cada art\u00edculo en nuestra tienda lleva consigo el sello distintivo del trabajo hecho a mano y el amor por la artesan\u00eda local.<\/p>\t\t\t\t\t\t<\/div>\n\t\t\t\t<\/div>\n\t\t\t\t<div class=\"elementor-element elementor-element-3b5507a elementor-widget elementor-widget-button\" data-id=\"3b5507a\" data-element_type=\"widget\" data-widget_type=\"button.default\">\n\t\t\t\t<div class=\"elementor-widget-container\">\n\t\t\t\t\t<div class=\"elementor-button-wrapper\">\n\t\t\t<a class=\"elementor-button elementor-button-link elementor-size-sm\" href=\"https:\/\/daluz.es\/en\/tienda\/\">\n\t\t\t\t\t\t<span class=\"elementor-button-content-wrapper\">\n\t\t\t\t\t\t<span class=\"elementor-button-text\">Visitar tienda ahora<\/span>\n\t\t<\/span>\n\t\t\t\t\t<\/a>\n\t\t<\/div>\n\t\t\t\t<\/div>\n\t\t\t\t<\/div>\n\t\t\t\t<\/div>\n\t\t<div class=\"elementor-element elementor-element-6b91c3e e-con-full e-flex e-con e-child\" data-id=\"6b91c3e\" data-element_type=\"container\" data-settings=\"{&quot;content_width&quot;:&quot;full&quot;}\">\n\t\t\t\t<\/div>\n\t\t\t\t<\/div>\n\t\t<div class=\"elementor-element elementor-element-a90687c e-flex e-con-boxed e-con e-parent\" data-id=\"a90687c\" data-element_type=\"container\" data-settings=\"{&quot;content_width&quot;:&quot;boxed&quot;}\" data-core-v316-plus=\"true\">\n\t\t\t\t\t<div class=\"e-con-inner\">\n\t\t\t\t<div class=\"elementor-element elementor-element-e6c7c6c elementor-widget elementor-widget-spacer\" data-id=\"e6c7c6c\" data-element_type=\"widget\" data-widget_type=\"spacer.default\">\n\t\t\t\t<div class=\"elementor-widget-container\">\n\t\t\t<style>\/*! elementor - v3.17.0 - 08-11-2023 *\/\n.elementor-column .elementor-spacer-inner{height:var(--spacer-size)}.e-con{--container-widget-width:100%}.e-con-inner>.elementor-widget-spacer,.e-con>.elementor-widget-spacer{width:var(--container-widget-width,var(--spacer-size));--align-self:var(--container-widget-align-self,initial);--flex-shrink:0}.e-con-inner>.elementor-widget-spacer>.elementor-widget-container,.e-con>.elementor-widget-spacer>.elementor-widget-container{height:100%;width:100%}.e-con-inner>.elementor-widget-spacer>.elementor-widget-container>.elementor-spacer,.e-con>.elementor-widget-spacer>.elementor-widget-container>.elementor-spacer{height:100%}.e-con-inner>.elementor-widget-spacer>.elementor-widget-container>.elementor-spacer>.elementor-spacer-inner,.e-con>.elementor-widget-spacer>.elementor-widget-container>.elementor-spacer>.elementor-spacer-inner{height:var(--container-widget-height,var(--spacer-size))}.e-con-inner>.elementor-widget-spacer.elementor-widget-empty,.e-con>.elementor-widget-spacer.elementor-widget-empty{position:relative;min-height:22px;min-width:22px}.e-con-inner>.elementor-widget-spacer.elementor-widget-empty .elementor-widget-empty-icon,.e-con>.elementor-widget-spacer.elementor-widget-empty .elementor-widget-empty-icon{position:absolute;top:0;bottom:0;left:0;right:0;margin:auto;padding:0;width:22px;height:22px}<\/style>\t\t<div class=\"elementor-spacer\">\n\t\t\t<div class=\"elementor-spacer-inner\"><\/div>\n\t\t<\/div>\n\t\t\t\t<\/div>\n\t\t\t\t<\/div>\n\t\t\t\t\t<\/div>\n\t\t\t\t<\/div>\n\t\t\t\t\t\t\t<\/div>","protected":false},"excerpt":{"rendered":"<p>Apoyamos el arte local De Lanzarote al mundo con nuestra tienda Con nuestra tienda tanto f\u00edsica como online queremos darle ese reconocimiento que se merecen y no tienen nuestros artesanos locales. Productos con historia Vendemos m\u00e1s que bisuter\u00eda, ropa o accesorios; ofrecemos una narrativa \u00fanica detr\u00e1s de cada art\u00edculo. Cada anillo, collar o pulsera que &hellip;<\/p>\n<p class=\"read-more\"> <a class=\"\" href=\"https:\/\/daluz.es\/en\/sobre-nostros\/\"> <span class=\"screen-reader-text\">About us<\/span> Read More &raquo;<\/a><\/p>","protected":false},"author":1,"featured_media":0,"parent":0,"menu_order":0,"comment_status":"closed","ping_status":"closed","template":"","meta":{"site-sidebar-layout":"no-sidebar","site-content-layout":"","ast-site-content-layout":"full-width-container","site-content-style":"default","site-sidebar-style":"default","ast-global-header-display":"","ast-banner-title-visibility":"","ast-main-header-display":"","ast-hfb-above-header-display":"","ast-hfb-below-header-display":"","ast-hfb-mobile-header-display":"","site-post-title":"disabled","ast-breadcrumbs-content":"","ast-featured-img":"disabled","footer-sml-layout":"","theme-transparent-header-meta":"","adv-header-id-meta":"","stick-header-meta":"","header-above-stick-meta":"","header-main-stick-meta":"","header-below-stick-meta":"","astra-migrate-meta-layouts":"","ast-page-background-enabled":"default","ast-page-background-meta":{"desktop":{"background-color":"var(--ast-global-color-4)","background-image":"","background-repeat":"repeat","background-position":"center center","background-size":"auto","background-attachment":"scroll","background-type":"","background-media":"","overlay-type":"","overlay-color":"","overlay-gradient":""},"tablet":{"background-color":"","background-image":"","background-repeat":"repeat","background-position":"center center","background-size":"auto","background-attachment":"scroll","background-type":"","background-media":"","overlay-type":"","overlay-color":"","overlay-gradient":""},"mobile":{"background-color":"","background-image":"","background-repeat":"repeat","background-position":"center center","background-size":"auto","background-attachment":"scroll","background-type":"","background-media":"","overlay-type":"","overlay-color":"","overlay-gradient":""}},"ast-content-background-meta":{"desktop":{"background-color":"var(--ast-global-color-5)","background-image":"","background-repeat":"repeat","background-position":"center center","background-size":"auto","background-attachment":"scroll","background-type":"","background-media":"","overlay-type":"","overlay-color":"","overlay-gradient":""},"tablet":{"background-color":"var(--ast-global-color-5)","background-image":"","background-repeat":"repeat","background-position":"center center","background-size":"auto","background-attachment":"scroll","background-type":"","background-media":"","overlay-type":"","overlay-color":"","overlay-gradient":""},"mobile":{"background-color":"var(--ast-global-color-5)","background-image":"","background-repeat":"repeat","background-position":"center center","background-size":"auto","background-attachment":"scroll","background-type":"","background-media":"","overlay-type":"","overlay-color":"","overlay-gradient":""}},"footnotes":""},"_links":{"self":[{"href":"https:\/\/daluz.es\/en\/wp-json\/wp\/v2\/pages\/431"}],"collection":[{"href":"https:\/\/daluz.es\/en\/wp-json\/wp\/v2\/pages"}],"about":[{"href":"https:\/\/daluz.es\/en\/wp-json\/wp\/v2\/types\/page"}],"author":[{"embeddable":true,"href":"https:\/\/daluz.es\/en\/wp-json\/wp\/v2\/users\/1"}],"replies":[{"embeddable":true,"href":"https:\/\/daluz.es\/en\/wp-json\/wp\/v2\/comments?post=431"}],"version-history":[{"count":26,"href":"https:\/\/daluz.es\/en\/wp-json\/wp\/v2\/pages\/431\/revisions"}],"predecessor-version":[{"id":232293,"href":"https:\/\/daluz.es\/en\/wp-json\/wp\/v2\/pages\/431\/revisions\/232293"}],"wp:attachment":[{"href":"https:\/\/daluz.es\/en\/wp-json\/wp\/v2\/media?parent=431"}],"curies":[{"name":"wp","href":"https:\/\/api.w.org\/{rel}","templated":true}]}}