{"id":490,"date":"2023-11-28T11:22:46","date_gmt":"2023-11-28T11:22:46","guid":{"rendered":"https:\/\/daluz.es\/?page_id=490"},"modified":"2024-04-03T13:10:27","modified_gmt":"2024-04-03T13:10:27","slug":"aviso-legal","status":"publish","type":"page","link":"https:\/\/daluz.es\/en\/aviso-legal\/","title":{"rendered":"Aviso legal"},"content":{"rendered":"<div data-elementor-type=\"wp-page\" data-elementor-id=\"490\" class=\"elementor elementor-490\" data-elementor-post-type=\"page\">\n\t\t\t\t\t\t\t<div class=\"elementor-element elementor-element-128ddd3 e-flex e-con-boxed e-con e-parent\" data-id=\"128ddd3\" data-element_type=\"container\" data-settings=\"{&quot;content_width&quot;:&quot;boxed&quot;}\" data-core-v316-plus=\"true\">\n\t\t\t\t\t<div class=\"e-con-inner\">\n\t\t\t\t<div class=\"elementor-element elementor-element-71cbc3d elementor-widget elementor-widget-heading\" data-id=\"71cbc3d\" data-element_type=\"widget\" data-widget_type=\"heading.default\">\n\t\t\t\t<div class=\"elementor-widget-container\">\n\t\t\t<style>\/*! elementor - v3.17.0 - 08-11-2023 *\/\n.elementor-heading-title{padding:0;margin:0;line-height:1}.elementor-widget-heading .elementor-heading-title[class*=elementor-size-]>a{color:inherit;font-size:inherit;line-height:inherit}.elementor-widget-heading .elementor-heading-title.elementor-size-small{font-size:15px}.elementor-widget-heading .elementor-heading-title.elementor-size-medium{font-size:19px}.elementor-widget-heading .elementor-heading-title.elementor-size-large{font-size:29px}.elementor-widget-heading .elementor-heading-title.elementor-size-xl{font-size:39px}.elementor-widget-heading .elementor-heading-title.elementor-size-xxl{font-size:59px}<\/style><h2 class=\"elementor-heading-title elementor-size-default\">Aviso Legal<\/h2>\t\t<\/div>\n\t\t\t\t<\/div>\n\t\t\t\t<div class=\"elementor-element elementor-element-e3e263e elementor-widget elementor-widget-text-editor\" data-id=\"e3e263e\" data-element_type=\"widget\" data-widget_type=\"text-editor.default\">\n\t\t\t\t<div class=\"elementor-widget-container\">\n\t\t\t<style>\/*! elementor - v3.17.0 - 08-11-2023 *\/\n.elementor-widget-text-editor.elementor-drop-cap-view-stacked .elementor-drop-cap{background-color:#69727d;color:#fff}.elementor-widget-text-editor.elementor-drop-cap-view-framed .elementor-drop-cap{color:#69727d;border:3px solid;background-color:transparent}.elementor-widget-text-editor:not(.elementor-drop-cap-view-default) .elementor-drop-cap{margin-top:8px}.elementor-widget-text-editor:not(.elementor-drop-cap-view-default) .elementor-drop-cap-letter{width:1em;height:1em}.elementor-widget-text-editor .elementor-drop-cap{float:left;text-align:center;line-height:1;font-size:50px}.elementor-widget-text-editor .elementor-drop-cap-letter{display:inline-block}<\/style>\t\t\t\t<p><!-- wp:paragraph --><\/p><p>El responsable de esta p\u00e1gina web es: CRISTINA MARIA DA LUZ SILVA, con C.I.F. X2517298V y domicilio social en<br \/>Avenida la Marina, 4,35500, Arrecife (LAS PALMAS).<\/p><p><!-- \/wp:paragraph --> <!-- wp:paragraph --><\/p><p>Tambi\u00e9n puedes contactar con nosotros a trav\u00e9s del n\u00famero de tel\u00e9fono N\u00ba +34676625254 (tel\u00e9fono) o a trav\u00e9s de la<br \/>siguiente direcci\u00f3n de e-mail: cristinadaluzsilva9@gmail.com (e-mail o enlace a formulario de contacto).<\/p><p><!-- \/wp:paragraph --> <!-- wp:heading --><\/p><h2 class=\"wp-block-heading\">Propiedad Intelectual e Industrial<\/h2><p><!-- \/wp:heading --> <!-- wp:paragraph --><\/p><p>El dise\u00f1o de este sitio web y sus c\u00f3digos fuente, as\u00ed como los logos, marcas y dem\u00e1s signos distintivos que aparecen en<br \/>el mismo pertenecen a CRISTINA MARIA DA LUZ SILVA y est\u00e1n protegidos por los correspondientes derechos de<br \/>propiedad intelectual e industrial.<\/p><p><!-- \/wp:paragraph --> <!-- wp:heading --><\/p><h2 class=\"wp-block-heading\">Responsabilidad de los contenidos<\/h2><p><!-- \/wp:heading --> <!-- wp:paragraph --><\/p><p>CRISTINA MARIA DA LUZ SILVA no se hace responsable de la legalidad de otros sitios web de terceros desde los que<br \/>pueda accederse a esta web. CRISTINA MARIA DA LUZ SILVA tampoco responde por la legalidad de otros sitios web<br \/>de terceros, que pudieran estar vinculados o enlazados desde esta web.<br \/>CRISTINA MARIA DA LUZ SILVA se reserva el derecho a realizar cambios en el sitio web sin previo aviso, al objeto de<br \/>mantener actualizada su informaci\u00f3n, a\u00f1adiendo, modificando, corrigiendo o eliminando los contenidos publicados o el<br \/>dise\u00f1o del portal.<br \/>CRISTINA MARIA DA LUZ SILVA no ser\u00e1 responsable del uso que terceros hagan de la informaci\u00f3n publicada en el<br \/>portal, ni tampoco de los da\u00f1os sufridos o p\u00e9rdidas econ\u00f3micas que, de forma directa o indirecta, produzcan o puedan<br \/>producir perjuicios econ\u00f3micos, materiales o sobre datos, provocados por el uso de dicha informaci\u00f3n.<\/p><p><!-- \/wp:paragraph --> <!-- wp:heading --><\/p><h2 class=\"wp-block-heading\">Reproducci\u00f3n de contenidos<\/h2><p><!-- \/wp:heading --> <!-- wp:paragraph --><\/p><p>Se proh\u00edbe la reproducci\u00f3n total o parcial de los contenidos publicados en esta web sin la autorizaci\u00f3n previa y por<br \/>escrito de CRISTINA MARIA DA LUZ SILVA.<br \/>Toda la informaci\u00f3n relativa a privacidad, la tienes en nuestra Pol\u00edtica de Privacidad.<br \/>Pol\u00edtica de Privacidad<\/p><p><!-- \/wp:paragraph --> <!-- wp:paragraph --><\/p><p><a href=\"https:\/\/www.adelopd.com\/privacidad\/dasilva\" target=\"_blank\" rel=\"noreferrer noopener nofollow\">https:\/\/www.adelopd.com\/privacidad\/dasilva<\/a><br \/>Formularios m\u00e1s Frecuentes<br \/>Adecuar los formularios web donde recabemos datos personales (CONTACTO, Suscripci\u00f3n a bolet\u00edn de noticias<br \/>u ofertas, etc.)<br \/>El RGPD nos obliga a facilitar informaci\u00f3n previa a la recogida de datos personales. Por ello hemos de revisar los<br \/>formularios web donde el usuario pueda introducir sus datos personales para informarle de manera adecuada.<br \/>FORMULARIO DE CONTACTO:<br \/>Debe contener el siguiente texto, (PRIMERA CAPA) que podemos ubicar o bien, encima de los campos del formulario, o<br \/>bien, entre los campos del formulario y el bot\u00f3n enviar:<br \/>Los datos de car\u00e1cter personal que consten en la consulta ser\u00e1n tratados por CRISTINA MARIA DA LUZ SILVA e<\/p><p><!-- \/wp:paragraph --><\/p>\t\t\t\t\t\t<\/div>\n\t\t\t\t<\/div>\n\t\t\t\t\t<\/div>\n\t\t\t\t<\/div>\n\t\t\t\t\t\t\t<\/div>","protected":false},"excerpt":{"rendered":"<p>Aviso Legal El responsable de esta p\u00e1gina web es: CRISTINA MARIA DA LUZ SILVA, con C.I.F. X2517298V y domicilio social enAvenida la Marina, 4,35500, Arrecife (LAS PALMAS). Tambi\u00e9n puedes contactar con nosotros a trav\u00e9s del n\u00famero de tel\u00e9fono N\u00ba +34676625254 (tel\u00e9fono) o a trav\u00e9s de lasiguiente direcci\u00f3n de e-mail: cristinadaluzsilva9@gmail.com (e-mail o enlace a formulario &hellip;<\/p>\n<p class=\"read-more\"> <a class=\"\" href=\"https:\/\/daluz.es\/en\/aviso-legal\/\"> <span class=\"screen-reader-text\">Aviso legal<\/span> Read More &raquo;<\/a><\/p>","protected":false},"author":1,"featured_media":0,"parent":0,"menu_order":0,"comment_status":"closed","ping_status":"closed","template":"","meta":{"site-sidebar-layout":"no-sidebar","site-content-layout":"","ast-site-content-layout":"full-width-container","site-content-style":"default","site-sidebar-style":"default","ast-global-header-display":"","ast-banner-title-visibility":"","ast-main-header-display":"","ast-hfb-above-header-display":"","ast-hfb-below-header-display":"","ast-hfb-mobile-header-display":"","site-post-title":"disabled","ast-breadcrumbs-content":"","ast-featured-img":"disabled","footer-sml-layout":"","theme-transparent-header-meta":"","adv-header-id-meta":"","stick-header-meta":"","header-above-stick-meta":"","header-main-stick-meta":"","header-below-stick-meta":"","astra-migrate-meta-layouts":"","ast-page-background-enabled":"default","ast-page-background-meta":{"desktop":{"background-color":"var(--ast-global-color-4)","background-image":"","background-repeat":"repeat","background-position":"center center","background-size":"auto","background-attachment":"scroll","background-type":"","background-media":"","overlay-type":"","overlay-color":"","overlay-gradient":""},"tablet":{"background-color":"","background-image":"","background-repeat":"repeat","background-position":"center center","background-size":"auto","background-attachment":"scroll","background-type":"","background-media":"","overlay-type":"","overlay-color":"","overlay-gradient":""},"mobile":{"background-color":"","background-image":"","background-repeat":"repeat","background-position":"center center","background-size":"auto","background-attachment":"scroll","background-type":"","background-media":"","overlay-type":"","overlay-color":"","overlay-gradient":""}},"ast-content-background-meta":{"desktop":{"background-color":"var(--ast-global-color-5)","background-image":"","background-repeat":"repeat","background-position":"center center","background-size":"auto","background-attachment":"scroll","background-type":"","background-media":"","overlay-type":"","overlay-color":"","overlay-gradient":""},"tablet":{"background-color":"var(--ast-global-color-5)","background-image":"","background-repeat":"repeat","background-position":"center center","background-size":"auto","background-attachment":"scroll","background-type":"","background-media":"","overlay-type":"","overlay-color":"","overlay-gradient":""},"mobile":{"background-color":"var(--ast-global-color-5)","background-image":"","background-repeat":"repeat","background-position":"center center","background-size":"auto","background-attachment":"scroll","background-type":"","background-media":"","overlay-type":"","overlay-color":"","overlay-gradient":""}},"footnotes":""},"_links":{"self":[{"href":"https:\/\/daluz.es\/en\/wp-json\/wp\/v2\/pages\/490"}],"collection":[{"href":"https:\/\/daluz.es\/en\/wp-json\/wp\/v2\/pages"}],"about":[{"href":"https:\/\/daluz.es\/en\/wp-json\/wp\/v2\/types\/page"}],"author":[{"embeddable":true,"href":"https:\/\/daluz.es\/en\/wp-json\/wp\/v2\/users\/1"}],"replies":[{"embeddable":true,"href":"https:\/\/daluz.es\/en\/wp-json\/wp\/v2\/comments?post=490"}],"version-history":[{"count":9,"href":"https:\/\/daluz.es\/en\/wp-json\/wp\/v2\/pages\/490\/revisions"}],"predecessor-version":[{"id":237599,"href":"https:\/\/daluz.es\/en\/wp-json\/wp\/v2\/pages\/490\/revisions\/237599"}],"wp:attachment":[{"href":"https:\/\/daluz.es\/en\/wp-json\/wp\/v2\/media?parent=490"}],"curies":[{"name":"wp","href":"https:\/\/api.w.org\/{rel}","templated":true}]}}